{"id":6,"date":"2019-10-17T09:40:11","date_gmt":"2019-10-17T09:40:11","guid":{"rendered":"http:\/\/psychotherapie-sittig.de\/?page_id=6"},"modified":"2025-05-08T09:06:18","modified_gmt":"2025-05-08T09:06:18","slug":"coaching-und-paartherapie","status":"publish","type":"page","link":"https:\/\/psychotherapie-sittig.de\/?page_id=6","title":{"rendered":"Mental Health Coaching"},"content":{"rendered":"\n<p style=\"font-size:21px\">Auch abseits der krankheitswertigen Belastungen gibt es Situationen, in denen psychologische Hilfe einen Mehrwert bietet. Ein geschulter Blick von Au\u00dfen hilft dabei das eigene Verhalten zu reflektieren &#8211; es manchmal auch kritisch zu hinterfragen. Er kann helfen nicht genutzte Ressourcen zu erkennen und das Erleben und Handeln neu auszurichten. Eine psychologische Beratung kann bspw. aus einer gef\u00fchlten Sackgasse hinaus f\u00fchren, durch Lebens- \/ Ehe- und Familienkrisen helfen oder bei schwierigen Entscheidungen unterst\u00fctzen.<\/p>\n\n\n\n<p style=\"font-size:21px\">Dabei gelten nat\u00fcrlich die gleichen Grunds\u00e4tze wie bei der psychotherapeutischen Behandlung im Krankheitsfall. Die Gespr\u00e4che finden im gesch\u00fctzten Rahmen der beruflichen Schweigepflicht statt und das gemeinsame Vorgehen ist zu jeder Zeit transparent. In der Regel reichen schon wenige Sitzungen, um eine wirksame Hilfestellung zu geben.<\/p>\n\n\n\n<p style=\"font-size:21px\">Da es sich dabei um keine Heilbehandlung im Sinne des Leistungskatalogs der Krankenkassen handelt, werden die Kosten f\u00fcr eine psychologische Beratung auch nicht \u00fcbernommen. Eine \u00dcbersicht \u00fcber die anfallenden Kosten als Selbstzahler finden sie <a href=\"http:\/\/psychotherapie-sittig.de\/?page_id=271\">hier<\/a>.&nbsp;Ich unterst\u00fctze Sie gerne in Ihrem Entwicklungsprozess und freue mich \u00fcber Ihre Kontaktaufnahme.&nbsp;<\/p>\n\n\n<div role=\"form\" class=\"wpcf7\" id=\"wpcf7-f55-o1\" lang=\"de-DE\" dir=\"ltr\">\n<div class=\"screen-reader-response\"><p role=\"status\" aria-live=\"polite\" aria-atomic=\"true\"><\/p> <ul><\/ul><\/div>\n<form action=\"\/index.php?rest_route=%2Fwp%2Fv2%2Fpages%2F6#wpcf7-f55-o1\" method=\"post\" class=\"wpcf7-form init\" novalidate=\"novalidate\" data-status=\"init\">\n<div style=\"display: none;\">\n<input type=\"hidden\" name=\"_wpcf7\" value=\"55\" \/>\n<input type=\"hidden\" name=\"_wpcf7_version\" value=\"5.5.6.1\" \/>\n<input type=\"hidden\" name=\"_wpcf7_locale\" value=\"de_DE\" \/>\n<input type=\"hidden\" name=\"_wpcf7_unit_tag\" value=\"wpcf7-f55-o1\" \/>\n<input type=\"hidden\" name=\"_wpcf7_container_post\" value=\"0\" \/>\n<input type=\"hidden\" name=\"_wpcf7_posted_data_hash\" value=\"\" \/>\n<\/div>\n<p><label> Ihr Name (Pflichtfeld)<br \/>\n    <span class=\"wpcf7-form-control-wrap your-name\"><input type=\"text\" name=\"your-name\" value=\"\" size=\"40\" class=\"wpcf7-form-control wpcf7-text wpcf7-validates-as-required\" aria-required=\"true\" aria-invalid=\"false\" \/><\/span> <\/label><\/p>\n<p><label> Ihre E-Mail-Adresse (Pflichtfeld)<br \/>\n    <span class=\"wpcf7-form-control-wrap your-email\"><input type=\"email\" name=\"your-email\" value=\"\" size=\"40\" class=\"wpcf7-form-control wpcf7-text wpcf7-email wpcf7-validates-as-required wpcf7-validates-as-email\" aria-required=\"true\" aria-invalid=\"false\" \/><\/span> <\/label><\/p>\n<p><label> Thema<br \/>\n    <span class=\"wpcf7-form-control-wrap your-subject\"><input type=\"text\" name=\"your-subject\" value=\"\" size=\"40\" class=\"wpcf7-form-control wpcf7-text\" aria-invalid=\"false\" \/><\/span> <\/label><\/p>\n<p><label> Ihre Nachricht<br \/>\n    <span class=\"wpcf7-form-control-wrap your-message\"><textarea name=\"your-message\" cols=\"40\" rows=\"10\" class=\"wpcf7-form-control wpcf7-textarea\" aria-invalid=\"false\"><\/textarea><\/span> <\/label><\/p>\n<p><input type=\"submit\" value=\"Senden\" class=\"wpcf7-form-control has-spinner wpcf7-submit\" \/><\/p>\n<div class=\"wpcf7-response-output\" aria-hidden=\"true\"><\/div><\/form><\/div>\n\n\n\n<p style=\"font-size:21px\"><br><\/p>\n","protected":false},"excerpt":{"rendered":"<p>Auch abseits der krankheitswertigen Belastungen gibt es Situationen, in denen psychologische Hilfe einen Mehrwert bietet. Ein geschulter Blick von Au\u00dfen hilft dabei das eigene Verhalten zu reflektieren &#8211; es manchmal auch kritisch zu hinterfragen. Er kann helfen nicht genutzte Ressourcen zu erkennen und das Erleben und Handeln neu auszurichten. Eine psychologische Beratung kann bspw. aus [&hellip;]<\/p>\n","protected":false},"author":1,"featured_media":195,"parent":0,"menu_order":0,"comment_status":"closed","ping_status":"closed","template":"","meta":[],"_links":{"self":[{"href":"https:\/\/psychotherapie-sittig.de\/index.php?rest_route=\/wp\/v2\/pages\/6"}],"collection":[{"href":"https:\/\/psychotherapie-sittig.de\/index.php?rest_route=\/wp\/v2\/pages"}],"about":[{"href":"https:\/\/psychotherapie-sittig.de\/index.php?rest_route=\/wp\/v2\/types\/page"}],"author":[{"embeddable":true,"href":"https:\/\/psychotherapie-sittig.de\/index.php?rest_route=\/wp\/v2\/users\/1"}],"replies":[{"embeddable":true,"href":"https:\/\/psychotherapie-sittig.de\/index.php?rest_route=%2Fwp%2Fv2%2Fcomments&post=6"}],"version-history":[{"count":23,"href":"https:\/\/psychotherapie-sittig.de\/index.php?rest_route=\/wp\/v2\/pages\/6\/revisions"}],"predecessor-version":[{"id":461,"href":"https:\/\/psychotherapie-sittig.de\/index.php?rest_route=\/wp\/v2\/pages\/6\/revisions\/461"}],"wp:featuredmedia":[{"embeddable":true,"href":"https:\/\/psychotherapie-sittig.de\/index.php?rest_route=\/wp\/v2\/media\/195"}],"wp:attachment":[{"href":"https:\/\/psychotherapie-sittig.de\/index.php?rest_route=%2Fwp%2Fv2%2Fmedia&parent=6"}],"curies":[{"name":"wp","href":"https:\/\/api.w.org\/{rel}","templated":true}]}}