{"id":5,"date":"2019-10-17T09:40:11","date_gmt":"2019-10-17T09:40:11","guid":{"rendered":"http:\/\/psychotherapie-sittig.de\/?page_id=5"},"modified":"2020-10-09T16:50:34","modified_gmt":"2020-10-09T16:50:34","slug":"verhaltenstherapie","status":"publish","type":"page","link":"https:\/\/psychotherapie-sittig.de\/?page_id=5","title":{"rendered":"Verhaltenstherapie"},"content":{"rendered":"\n<p class=\"has-text-align-left has-dark-gray-color has-text-color\" style=\"font-size:21px\">Ich biete Verhaltenstherapie an. Was ist das genau? <\/p>\n\n\n\n<p class=\"has-text-align-left has-dark-gray-color has-text-color\" style=\"font-size:21px\">Die Verhaltenstherapie ist eine anerkannte Form der psychotherapeutischen Gespr\u00e4chstherapie. Beim Wort \u201eVerhalten\u201c geht es nicht allein um unser &#8222;Tun&#8220;, es schlie\u00dft das gesamte Erleben der Umwelt ein:   Durch Gedanken, Gef\u00fchle, k\u00f6rperliche Vorg\u00e4nge und auch Handlungen. <br>Im Grundsatz gehen wir in der Therapie davon aus, dass Verhaltensmuster im Laufe Ihres Lebens erlernt wurden. Das ist lebensnotwendig und viele Muster sind gut und hilfreich. Manchmal sind es einige jedoch nicht, oder nicht mehr. Es k\u00f6nnen Beschwerden daraus entstehen, die zu gro\u00dfem Leidensdruck f\u00fchren.  Im gesch\u00fctzten Raum der Therapie schauen wir uns gemeinsam Ihr Erleben der Umwelt an und arbeiten damit. Das Ziel ist es, ihren Leidensdruck deutlich zu verringern. <\/p>\n\n\n\n<p class=\"has-dark-gray-color has-text-color\" style=\"font-size:21px\">Eine Verhaltenstherapie kann beispielsweise bei den folgenden St\u00f6rungen eine gute Wahl sein:&nbsp;<\/p>\n\n\n\n<ul><li><span class=\"has-inline-color has-light-gray-color\">Depressionen&nbsp;<\/span><\/li><li><span class=\"has-inline-color has-light-gray-color\"> Anpassungsst\u00f6rungen<\/span><\/li><li><span class=\"has-inline-color has-light-gray-color\"> \u00c4ngste<\/span><\/li><li><span class=\"has-inline-color has-light-gray-color\"> Zwangserkrankungen<\/span><\/li><li><span class=\"has-inline-color has-light-gray-color\"> Suchterkrankungen<\/span><\/li><li><span class=\"has-inline-color has-light-gray-color\"> Posttraumatische Belastungsst\u00f6rungen<\/span><\/li><li><span class=\"has-inline-color has-light-gray-color\"> Ersch\u00f6pfungszust\u00e4nde \u2013 Burnout<\/span><\/li><\/ul>\n\n\n\n<p class=\"has-accent-color has-text-color\" style=\"font-size:22px\"><strong>Ablauf einer Behandlung<\/strong><\/p>\n\n\n\n<p class=\"has-dark-gray-color has-text-color\" style=\"font-size:21px\">Nach einer Phase des Kennenlernens, der Probatorik, entscheiden wir ob eine Therapie f\u00fcr Sie sinnvoll w\u00e4re. Da ich einen Kassensitz habe, \u00fcbernehmen gesetzliche Krankenkassen die <a href=\"http:\/\/psychotherapie-sittig.de\/?page_id=271(\u00f6ffnet in neuem Tab)\">Kosten der Behandlung<\/a> in der Regel vollst\u00e4ndig. Sofern es sich um eine St\u00f6rung mit Krankheitswert handelt, fallen f\u00fcr Sie privat keine Kosten an. Auch private Krankenversicherungen und Beihilfestellen \u00fcbernehmen in der Regel die Kosten der Behandlung. Im Falle einer privaten Krankenversicherung empfehle ich jedoch, sich vorab \u00fcber die Anzahl der erstattungsf\u00e4higen Sitzungen zu informieren. Dies variiert h\u00e4ufig mit dem gew\u00e4hlten Versicherungstarif.  Nat\u00fcrlich haben Sie auch die M\u00f6glichkeit, die Kosten f\u00fcr Ihre Sitzungen selbst zu tragen. Mein Honorar richtet sich nach der <a href=\"http:\/\/psychotherapie-sittig.de\/?page_id=271(\u00f6ffnet in neuem Tab)\">Geb\u00fchrenordnung f\u00fcr Psychotherapeuten (GOP)<\/a>. <\/p>\n\n\n\n<p class=\"has-dark-gray-color has-text-color\" style=\"font-size:21px\">Unsere Sitzungen finden im Normalfall einmal in der Woche statt und dauern 50 Minuten. In Phasen mit hohem Belastungsniveau und je nach Therapieindikation kann dies zeitweise mehr sein. Zum Ende der Therapie werden die Abst\u00e4nde in der Regel l\u00e4nger. <\/p>\n\n\n\n<p class=\"has-dark-gray-color has-text-color\" style=\"font-size:21px\">Je nachdem, aus welchem Grund Sie eine Therapie ben\u00f6tigen und wie wir im Prozess vorankommen, variiert auch die Gesamtanzahl der Sitzungen. Gesetzliche Krankenkassen unterscheiden bei der Kosten\u00fcbernahme zwischen Kurz- und Langzeittherapien. Eine Kurzzeittherapie enth\u00e4lt zun\u00e4chst 12 Sitzungen und kann um weitere 12 erg\u00e4nzt werden. Eine Langzeittherapie umfasst 60 genehmigte Sitzungen. Therapie ist jedoch ein sehr individueller Prozess, der schneller abgeschlossen sein oder auch einige Sitzungen l\u00e4nger dauern kann. Es besteht nat\u00fcrlich keine Pflicht, die bewilligte Sitzungsanzahl voll auszusch\u00f6pfen und es ist bei Bedarf m\u00f6glich weitere Sitzungen zu beantragen.  <\/p>\n\n\n\n<p class=\"has-dark-gray-color has-text-color\" style=\"font-size:21px\">Der gesamte Therapieprozess ist auf Ihre Situation abgestimmt und sollte f\u00fcr Sie auch nachvollziehbar sein. Daher sind Ihre Fragen an jeder Stelle der Therapie erw\u00fcnscht und wichtig. Die Inhalte unserer Sitzungen unterliegen selbstverst\u00e4ndlich der \u00e4rztlichen Schweigepflicht und werden streng vertraulich behandelt.<\/p>\n","protected":false},"excerpt":{"rendered":"<p>Ich biete Verhaltenstherapie an. Was ist das genau? Die Verhaltenstherapie ist eine anerkannte Form der psychotherapeutischen Gespr\u00e4chstherapie. Beim Wort \u201eVerhalten\u201c geht es nicht allein um unser &#8222;Tun&#8220;, es schlie\u00dft das gesamte Erleben der Umwelt ein: Durch Gedanken, Gef\u00fchle, k\u00f6rperliche Vorg\u00e4nge und auch Handlungen. Im Grundsatz gehen wir in der Therapie davon aus, dass Verhaltensmuster im [&hellip;]<\/p>\n","protected":false},"author":1,"featured_media":197,"parent":0,"menu_order":0,"comment_status":"closed","ping_status":"closed","template":"","meta":[],"_links":{"self":[{"href":"https:\/\/psychotherapie-sittig.de\/index.php?rest_route=\/wp\/v2\/pages\/5"}],"collection":[{"href":"https:\/\/psychotherapie-sittig.de\/index.php?rest_route=\/wp\/v2\/pages"}],"about":[{"href":"https:\/\/psychotherapie-sittig.de\/index.php?rest_route=\/wp\/v2\/types\/page"}],"author":[{"embeddable":true,"href":"https:\/\/psychotherapie-sittig.de\/index.php?rest_route=\/wp\/v2\/users\/1"}],"replies":[{"embeddable":true,"href":"https:\/\/psychotherapie-sittig.de\/index.php?rest_route=%2Fwp%2Fv2%2Fcomments&post=5"}],"version-history":[{"count":24,"href":"https:\/\/psychotherapie-sittig.de\/index.php?rest_route=\/wp\/v2\/pages\/5\/revisions"}],"predecessor-version":[{"id":327,"href":"https:\/\/psychotherapie-sittig.de\/index.php?rest_route=\/wp\/v2\/pages\/5\/revisions\/327"}],"wp:featuredmedia":[{"embeddable":true,"href":"https:\/\/psychotherapie-sittig.de\/index.php?rest_route=\/wp\/v2\/media\/197"}],"wp:attachment":[{"href":"https:\/\/psychotherapie-sittig.de\/index.php?rest_route=%2Fwp%2Fv2%2Fmedia&parent=5"}],"curies":[{"name":"wp","href":"https:\/\/api.w.org\/{rel}","templated":true}]}}