{"id":271,"date":"2020-08-23T20:26:11","date_gmt":"2020-08-23T20:26:11","guid":{"rendered":"http:\/\/psychotherapie-sittig.de\/?page_id=271"},"modified":"2025-10-02T07:57:39","modified_gmt":"2025-10-02T07:57:39","slug":"kosten-der-therapie","status":"publish","type":"page","link":"https:\/\/psychotherapie-sittig.de\/?page_id=271","title":{"rendered":"Kosten der Therapie"},"content":{"rendered":"\n<p><strong>Gesetzlich versicherte Patienten<\/strong><\/p>\n\n\n\n<p>Die gesetzlichen Krankenkassen \u00fcbernehmen bei Vorliegen bestimmter Indikationen die Kosten f\u00fcr eine Psychotherapie. Da ich \u00fcber eine Kassenzulassung verf\u00fcge, kann ich mit allen gesetzlichen Krankenkassen abrechnen. Eine \u00e4rztliche \u00dcberweisung wird nicht ben\u00f6tigt, bitte bringen Sie jedoch Ihre Versichertenkarte zu den Sitzungen mit. <\/p>\n\n\n\n<p><strong>Private Krankenversicherungen und Beihilfe<\/strong><\/p>\n\n\n\n<p>In vielen Tarifen der privaten Versicherungen und Beihilfestellen sind Psychotherapien ein Teil des Leistungsumfangs. Kl\u00e4ren Sie jedoch in jedem Fall vor der Aufnahme einer Therapie, ob und in welchem Umfang in Ihrem Tarif die Kosten erstattet werden:<\/p>\n\n\n\n<ul><li>Ist Psychotherapie generell in meinem Tarif enthalten?<\/li><li>Werden auch psychotherapeutische Sprechstunden und probatorische Sitzungen erstattet? In welcher Anzahl und in welcher H\u00f6he?<\/li><li>Gibt es eine maximale Sitzungsanzahl pro Jahr, die erstattet wird? <\/li><li>Wie ist die Erstattungsh\u00f6he in meinem Tarif? <\/li><li>Ist die vorherige Beantragung der Psychotherapie notwendig? <\/li><li>Ist ein Konsiliarbericht Ihres behandelnden Hausarztes f\u00fcr die Beantragung notwendig?<\/li><\/ul>\n\n\n\n<p>Sie erhalten von mir eine Rechnung (basierend auf der Geb\u00fchrenordnung f\u00fcr Psychotherapeuten), die Sie dann ggf. bei Ihrer Versicherung einreichen k\u00f6nnen.<\/p>\n\n\n\n<p><strong>Selbstzahler<\/strong><\/p>\n\n\n\n<p>Sie haben auch die M\u00f6glichkeit, die Kosten der psychotherapeutischen Behandlung selbst zu tragen. Pro Sitzung (50 Min.) erlaube ich mir, Ihnen gem\u00e4\u00df der aktuellen Geb\u00fchrenordnung f\u00fcr Psychotherapeuten (GOP) 153  Euro in Rechnung zu stellen. F\u00fcr Paartherapie und Mediationsarbeiten liegen die Kosten pro Sitzung (50-70 Min.) bei 180 Euro. <\/p>\n\n\n\n<p>Die Kosten sind teilweise als &#8222;au\u00dfergew\u00f6hnliche Belastungen&#8220; steuerlich absetzbar. <\/p>\n\n\n\n<h4>Ausfallhonorar<\/h4>\n\n\n\n<p>Falls Sie eine geplante Therapiesitzung nicht wahrnehmen k\u00f6nnen, bitte ich Sie darum den Termin rechtzeitig abzusagen (24 Stunden vorher). Dies erm\u00f6glicht mir, Ihren Termin anderweitig zu vergeben. Bei nicht rechtzeitiger Absage behalte ich es mir vor ein Ausfallhonorar zu berechnen.<\/p>\n","protected":false},"excerpt":{"rendered":"<p>Gesetzlich versicherte Patienten Die gesetzlichen Krankenkassen \u00fcbernehmen bei Vorliegen bestimmter Indikationen die Kosten f\u00fcr eine Psychotherapie. Da ich \u00fcber eine Kassenzulassung verf\u00fcge, kann ich mit allen gesetzlichen Krankenkassen abrechnen. Eine \u00e4rztliche \u00dcberweisung wird nicht ben\u00f6tigt, bitte bringen Sie jedoch Ihre Versichertenkarte zu den Sitzungen mit. Private Krankenversicherungen und Beihilfe In vielen Tarifen der privaten Versicherungen [&hellip;]<\/p>\n","protected":false},"author":1,"featured_media":0,"parent":0,"menu_order":0,"comment_status":"closed","ping_status":"closed","template":"","meta":[],"_links":{"self":[{"href":"https:\/\/psychotherapie-sittig.de\/index.php?rest_route=\/wp\/v2\/pages\/271"}],"collection":[{"href":"https:\/\/psychotherapie-sittig.de\/index.php?rest_route=\/wp\/v2\/pages"}],"about":[{"href":"https:\/\/psychotherapie-sittig.de\/index.php?rest_route=\/wp\/v2\/types\/page"}],"author":[{"embeddable":true,"href":"https:\/\/psychotherapie-sittig.de\/index.php?rest_route=\/wp\/v2\/users\/1"}],"replies":[{"embeddable":true,"href":"https:\/\/psychotherapie-sittig.de\/index.php?rest_route=%2Fwp%2Fv2%2Fcomments&post=271"}],"version-history":[{"count":11,"href":"https:\/\/psychotherapie-sittig.de\/index.php?rest_route=\/wp\/v2\/pages\/271\/revisions"}],"predecessor-version":[{"id":449,"href":"https:\/\/psychotherapie-sittig.de\/index.php?rest_route=\/wp\/v2\/pages\/271\/revisions\/449"}],"wp:attachment":[{"href":"https:\/\/psychotherapie-sittig.de\/index.php?rest_route=%2Fwp%2Fv2%2Fmedia&parent=271"}],"curies":[{"name":"wp","href":"https:\/\/api.w.org\/{rel}","templated":true}]}}