{"id":25,"date":"2019-10-18T09:18:49","date_gmt":"2019-10-18T09:18:49","guid":{"rendered":"http:\/\/psychotherapie-sittig.de\/?page_id=25"},"modified":"2024-03-19T15:59:21","modified_gmt":"2024-03-19T15:59:21","slug":"therapeutin","status":"publish","type":"page","link":"https:\/\/psychotherapie-sittig.de\/?page_id=25","title":{"rendered":"\u00dcber mich"},"content":{"rendered":"\n<div class=\"wp-block-group\"><div class=\"wp-block-group__inner-container\">\n<div class=\"wp-block-columns\">\n<div class=\"wp-block-column\" style=\"flex-basis:100%\">\n<div class=\"wp-block-media-text alignwide is-stacked-on-mobile is-vertically-aligned-top\" style=\"grid-template-columns:38% auto\"><figure class=\"wp-block-media-text__media\"><img loading=\"lazy\" width=\"775\" height=\"1024\" src=\"http:\/\/psychotherapie-sittig.de\/wp-content\/uploads\/2024\/03\/profil5-775x1024.jpg\" alt=\"\" class=\"wp-image-447 size-full\" srcset=\"https:\/\/psychotherapie-sittig.de\/wp-content\/uploads\/2024\/03\/profil5-775x1024.jpg 775w, https:\/\/psychotherapie-sittig.de\/wp-content\/uploads\/2024\/03\/profil5-227x300.jpg 227w, https:\/\/psychotherapie-sittig.de\/wp-content\/uploads\/2024\/03\/profil5-768x1015.jpg 768w, https:\/\/psychotherapie-sittig.de\/wp-content\/uploads\/2024\/03\/profil5-1162x1536.jpg 1162w, https:\/\/psychotherapie-sittig.de\/wp-content\/uploads\/2024\/03\/profil5-1549x2048.jpg 1549w, https:\/\/psychotherapie-sittig.de\/wp-content\/uploads\/2024\/03\/profil5-676x894.jpg 676w, https:\/\/psychotherapie-sittig.de\/wp-content\/uploads\/2024\/03\/profil5-scaled.jpg 1937w\" sizes=\"(max-width: 775px) 100vw, 775px\" \/><\/figure><div class=\"wp-block-media-text__content\">\n<blockquote class=\"wp-block-quote has-text-align-left is-style-default\"><p>Ich bin Diplom-Psychologin und psychologische Psychotherapeutin f\u00fcr Verhaltenstherapie. <\/p><p>Seit 2020 habe ich meine eigene Praxis in Kelkheim M\u00fcnster. <\/p><p>Unten finden Sie ein paar Eckdaten zu meinem bisherigen beruflichen Werdegang. <\/p><\/blockquote>\n<\/div><\/div>\n<\/div>\n<\/div>\n<\/div><\/div>\n\n\n\n<h3>Ausbildung &amp; Berufserfahrung<\/h3>\n\n\n\n<div class=\"wp-block-group\"><div class=\"wp-block-group__inner-container\">\n<p class=\"has-light-gray-color has-text-color has-regular-font-size\">Studium der Psychologie an der Justus-Liebig-Universit\u00e4t in Gie\u00dfen (Diplom Psychologin)<\/p>\n<\/div><\/div>\n\n\n\n<p class=\"has-light-gray-color has-text-color has-regular-font-size\">Forschungst\u00e4tigkeiten im Bereich der Gesundheits\u00f6konomie, Promotion an der Universit\u00e4t Duisburg Essen (Dr. rer. med.) <\/p>\n\n\n\n<p class=\"has-light-gray-color has-text-color has-regular-font-size\">Mehrj\u00e4hrige Beratungst\u00e4tigkeit f\u00fcr gesetzliche Krankenkassen&nbsp;am Institut f\u00fcr Pr\u00e4vention und Versorgungsforschung an der Universit\u00e4t Duisburg Essen<\/p>\n\n\n\n<p class=\"has-light-gray-color has-text-color has-regular-font-size\">Ausbildung zur Psychologischen Psychotherapeutin (Verhaltenstherapie) bei der Gesellschaft f\u00fcr Ausbildung in Psychotherapie in Frankfurt am Main, Approbation als psychologische Psychotherapeutin mit dem Schwerpunkt Verhaltenstherapie <\/p>\n\n\n\n<p class=\"has-light-gray-color has-text-color has-regular-font-size\">Psychotherapeutische T\u00e4tigkeit in der Klinik Hohe Mark, Oberursel und Frankfurt am Main<\/p>\n\n\n\n<p class=\"has-light-gray-color has-text-color has-regular-font-size\">Psychotherapeutische T\u00e4tigkeit in der Institutsambulanz der GAP in Frankfurt am Main<\/p>\n\n\n\n<p class=\"has-light-gray-color has-text-color has-regular-font-size\">Psychotherapeutische T\u00e4tigkeit in der psychologischen Praxis von Dr. Christian Alte, Frankfurt am Main&nbsp;<\/p>\n\n\n\n<p class=\"has-light-gray-color has-text-color has-regular-font-size\">Niedergelassen in eigener Praxis in Kelkheim im Taunus<\/p>\n\n\n\n<hr class=\"wp-block-separator has-text-color has-background has-accent-background-color has-accent-color\"\/>\n\n\n\n<p class=\"has-dark-gray-color has-text-color\" style=\"font-size:22px\"><strong>Mitgliedschaften <\/strong><\/p>\n\n\n\n<p class=\"has-light-gray-color has-text-color has-regular-font-size\">Psychotherapeutenregister der Kassen\u00e4rztlichen Vereinigung Hessen&nbsp;<\/p>\n\n\n\n<p class=\"has-light-gray-color has-text-color has-regular-font-size\">Psychotherapeutenkammer Hessen<\/p>\n\n\n\n<p class=\"has-light-gray-color has-text-color has-regular-font-size\">Deutsche Psychotherapeutenvereinigung (DPtV)<\/p>\n\n\n\n<p class=\"has-light-gray-color has-text-color\">Deutsche Gesellschaft f\u00fcr Verhaltenstherapie e.V. (DGVT)<\/p>\n","protected":false},"excerpt":{"rendered":"<p>Ausbildung &amp; Berufserfahrung Forschungst\u00e4tigkeiten im Bereich der Gesundheits\u00f6konomie, Promotion an der Universit\u00e4t Duisburg Essen (Dr. rer. med.) Mehrj\u00e4hrige Beratungst\u00e4tigkeit f\u00fcr gesetzliche Krankenkassen&nbsp;am Institut f\u00fcr Pr\u00e4vention und Versorgungsforschung an der Universit\u00e4t Duisburg Essen Ausbildung zur Psychologischen Psychotherapeutin (Verhaltenstherapie) bei der Gesellschaft f\u00fcr Ausbildung in Psychotherapie in Frankfurt am Main, Approbation als psychologische Psychotherapeutin mit dem Schwerpunkt [&hellip;]<\/p>\n","protected":false},"author":1,"featured_media":0,"parent":0,"menu_order":0,"comment_status":"closed","ping_status":"closed","template":"","meta":[],"_links":{"self":[{"href":"https:\/\/psychotherapie-sittig.de\/index.php?rest_route=\/wp\/v2\/pages\/25"}],"collection":[{"href":"https:\/\/psychotherapie-sittig.de\/index.php?rest_route=\/wp\/v2\/pages"}],"about":[{"href":"https:\/\/psychotherapie-sittig.de\/index.php?rest_route=\/wp\/v2\/types\/page"}],"author":[{"embeddable":true,"href":"https:\/\/psychotherapie-sittig.de\/index.php?rest_route=\/wp\/v2\/users\/1"}],"replies":[{"embeddable":true,"href":"https:\/\/psychotherapie-sittig.de\/index.php?rest_route=%2Fwp%2Fv2%2Fcomments&post=25"}],"version-history":[{"count":51,"href":"https:\/\/psychotherapie-sittig.de\/index.php?rest_route=\/wp\/v2\/pages\/25\/revisions"}],"predecessor-version":[{"id":452,"href":"https:\/\/psychotherapie-sittig.de\/index.php?rest_route=\/wp\/v2\/pages\/25\/revisions\/452"}],"wp:attachment":[{"href":"https:\/\/psychotherapie-sittig.de\/index.php?rest_route=%2Fwp%2Fv2%2Fmedia&parent=25"}],"curies":[{"name":"wp","href":"https:\/\/api.w.org\/{rel}","templated":true}]}}