{"id":2,"date":"2016-05-10T03:48:21","date_gmt":"2016-05-10T03:48:21","guid":{"rendered":"http:\/\/psychotherapie-sittig.de\/?page_id=2"},"modified":"2024-03-19T07:50:46","modified_gmt":"2024-03-19T07:50:46","slug":"sample-page","status":"publish","type":"page","link":"https:\/\/psychotherapie-sittig.de\/","title":{"rendered":"Herzlich Willkommen!"},"content":{"rendered":"\n<p style=\"font-size:21px\">Ich freue mich \u00fcber Ihren Besuch und Ihr Interesse an meiner Arbeit. Meine psychotherapeutische Praxis ist Teil einer <a href=\"http:\/\/www.praxisgemeinschaft-hofreite.de\">Praxisgemeinschaft<\/a> in Kelkheim M\u00fcnster. Ich biete Gespr\u00e4chstherapie (Verhaltenstherapie), Mental Health Coaching und Paartherapie an. In der Zukunft werden wir auch Therapiegruppen zu verschiedenen Themen aufmachen. \u00dcber freie Pl\u00e4tze werden wir Sie rechtzeitig \u00fcber die Homepage informieren. <\/p>\n\n\n\n<p style=\"font-size:21px\">H\u00e4ufig stehen am Anfang einer Therapie viele offene Fragen, zum Ablauf und der Art der Behandlung und den anfallenden Kosten. Sie finden auf meinen Seiten einen groben \u00dcberblick \u00fcber wichtige Punkte der Therapie und auch einige Informationen zu mir. Einiges l\u00e4sst sich besser im direkten Austausch kl\u00e4ren, bitte nutzen Sie daf\u00fcr das Kontaktformular oder schreiben mir eine Email.&nbsp;<\/p>\n\n\n\n<figure class=\"wp-block-gallery columns-3 is-cropped\"><ul class=\"blocks-gallery-grid\"><li class=\"blocks-gallery-item\"><figure><img loading=\"lazy\" width=\"768\" height=\"1024\" src=\"https:\/\/psychotherapie-sittig.de\/wp-content\/uploads\/2023\/06\/IMG_1378-768x1024.jpg\" alt=\"\" data-id=\"406\" data-full-url=\"http:\/\/psychotherapie-sittig.de\/wp-content\/uploads\/2023\/06\/IMG_1378-scaled.jpg\" data-link=\"https:\/\/psychotherapie-sittig.de\/?attachment_id=406\" class=\"wp-image-406\" srcset=\"https:\/\/psychotherapie-sittig.de\/wp-content\/uploads\/2023\/06\/IMG_1378-768x1024.jpg 768w, https:\/\/psychotherapie-sittig.de\/wp-content\/uploads\/2023\/06\/IMG_1378-225x300.jpg 225w, https:\/\/psychotherapie-sittig.de\/wp-content\/uploads\/2023\/06\/IMG_1378-1152x1536.jpg 1152w, https:\/\/psychotherapie-sittig.de\/wp-content\/uploads\/2023\/06\/IMG_1378-1536x2048.jpg 1536w, https:\/\/psychotherapie-sittig.de\/wp-content\/uploads\/2023\/06\/IMG_1378-676x901.jpg 676w, https:\/\/psychotherapie-sittig.de\/wp-content\/uploads\/2023\/06\/IMG_1378-scaled.jpg 1920w\" sizes=\"(max-width: 768px) 100vw, 768px\" \/><\/figure><\/li><li class=\"blocks-gallery-item\"><figure><img loading=\"lazy\" width=\"768\" height=\"1024\" src=\"https:\/\/psychotherapie-sittig.de\/wp-content\/uploads\/2023\/06\/IMG_1379-768x1024.jpg\" alt=\"\" data-id=\"405\" data-full-url=\"http:\/\/psychotherapie-sittig.de\/wp-content\/uploads\/2023\/06\/IMG_1379-scaled.jpg\" data-link=\"https:\/\/psychotherapie-sittig.de\/?attachment_id=405\" class=\"wp-image-405\" srcset=\"https:\/\/psychotherapie-sittig.de\/wp-content\/uploads\/2023\/06\/IMG_1379-768x1024.jpg 768w, https:\/\/psychotherapie-sittig.de\/wp-content\/uploads\/2023\/06\/IMG_1379-225x300.jpg 225w, https:\/\/psychotherapie-sittig.de\/wp-content\/uploads\/2023\/06\/IMG_1379-1152x1536.jpg 1152w, https:\/\/psychotherapie-sittig.de\/wp-content\/uploads\/2023\/06\/IMG_1379-1536x2048.jpg 1536w, https:\/\/psychotherapie-sittig.de\/wp-content\/uploads\/2023\/06\/IMG_1379-676x901.jpg 676w, https:\/\/psychotherapie-sittig.de\/wp-content\/uploads\/2023\/06\/IMG_1379-scaled.jpg 1920w\" sizes=\"(max-width: 768px) 100vw, 768px\" \/><\/figure><\/li><li class=\"blocks-gallery-item\"><figure><img loading=\"lazy\" width=\"300\" height=\"200\" src=\"http:\/\/psychotherapie-sittig.de\/wp-content\/uploads\/2020\/07\/Mexicohuhn-300x200.jpg\" alt=\"\" data-id=\"151\" data-full-url=\"http:\/\/psychotherapie-sittig.de\/wp-content\/uploads\/2020\/07\/Mexicohuhn-scaled.jpg\" data-link=\"https:\/\/psychotherapie-sittig.de\/?attachment_id=151\" class=\"wp-image-151\" srcset=\"https:\/\/psychotherapie-sittig.de\/wp-content\/uploads\/2020\/07\/Mexicohuhn-300x200.jpg 300w, https:\/\/psychotherapie-sittig.de\/wp-content\/uploads\/2020\/07\/Mexicohuhn-768x512.jpg 768w, https:\/\/psychotherapie-sittig.de\/wp-content\/uploads\/2020\/07\/Mexicohuhn-2048x1365.jpg 2048w, https:\/\/psychotherapie-sittig.de\/wp-content\/uploads\/2020\/07\/Mexicohuhn-676x451.jpg 676w\" sizes=\"(max-width: 300px) 100vw, 300px\" \/><\/figure><\/li><li class=\"blocks-gallery-item\"><figure><img loading=\"lazy\" width=\"300\" height=\"200\" src=\"http:\/\/psychotherapie-sittig.de\/wp-content\/uploads\/2020\/07\/Klangschale-300x200.jpg\" alt=\"\" data-id=\"203\" data-full-url=\"http:\/\/psychotherapie-sittig.de\/wp-content\/uploads\/2020\/07\/Klangschale-scaled.jpg\" data-link=\"https:\/\/psychotherapie-sittig.de\/?attachment_id=203\" class=\"wp-image-203\" srcset=\"https:\/\/psychotherapie-sittig.de\/wp-content\/uploads\/2020\/07\/Klangschale-300x200.jpg 300w, https:\/\/psychotherapie-sittig.de\/wp-content\/uploads\/2020\/07\/Klangschale-768x512.jpg 768w, https:\/\/psychotherapie-sittig.de\/wp-content\/uploads\/2020\/07\/Klangschale-2048x1365.jpg 2048w, https:\/\/psychotherapie-sittig.de\/wp-content\/uploads\/2020\/07\/Klangschale-676x451.jpg 676w\" sizes=\"(max-width: 300px) 100vw, 300px\" \/><\/figure><\/li><li class=\"blocks-gallery-item\"><figure><img loading=\"lazy\" width=\"1024\" height=\"805\" src=\"https:\/\/psychotherapie-sittig.de\/wp-content\/uploads\/2023\/06\/IMG_1373-1024x805.jpg\" alt=\"\" data-id=\"407\" data-full-url=\"http:\/\/psychotherapie-sittig.de\/wp-content\/uploads\/2023\/06\/IMG_1373-scaled.jpg\" data-link=\"https:\/\/psychotherapie-sittig.de\/?attachment_id=407\" class=\"wp-image-407\" srcset=\"https:\/\/psychotherapie-sittig.de\/wp-content\/uploads\/2023\/06\/IMG_1373-1024x805.jpg 1024w, https:\/\/psychotherapie-sittig.de\/wp-content\/uploads\/2023\/06\/IMG_1373-300x236.jpg 300w, https:\/\/psychotherapie-sittig.de\/wp-content\/uploads\/2023\/06\/IMG_1373-768x604.jpg 768w, https:\/\/psychotherapie-sittig.de\/wp-content\/uploads\/2023\/06\/IMG_1373-1536x1207.jpg 1536w, https:\/\/psychotherapie-sittig.de\/wp-content\/uploads\/2023\/06\/IMG_1373-2048x1610.jpg 2048w, https:\/\/psychotherapie-sittig.de\/wp-content\/uploads\/2023\/06\/IMG_1373-676x531.jpg 676w\" sizes=\"(max-width: 1024px) 100vw, 1024px\" \/><\/figure><\/li><\/ul><\/figure>\n\n\n\n<p> <\/p>\n","protected":false},"excerpt":{"rendered":"<p>Ich freue mich \u00fcber Ihren Besuch und Ihr Interesse an meiner Arbeit. Meine psychotherapeutische Praxis ist Teil einer Praxisgemeinschaft in Kelkheim M\u00fcnster. Ich biete Gespr\u00e4chstherapie (Verhaltenstherapie), Mental Health Coaching und Paartherapie an. In der Zukunft werden wir auch Therapiegruppen zu verschiedenen Themen aufmachen. \u00dcber freie Pl\u00e4tze werden wir Sie rechtzeitig \u00fcber die Homepage informieren. H\u00e4ufig [&hellip;]<\/p>\n","protected":false},"author":1,"featured_media":0,"parent":0,"menu_order":0,"comment_status":"closed","ping_status":"closed","template":"","meta":[],"_links":{"self":[{"href":"https:\/\/psychotherapie-sittig.de\/index.php?rest_route=\/wp\/v2\/pages\/2"}],"collection":[{"href":"https:\/\/psychotherapie-sittig.de\/index.php?rest_route=\/wp\/v2\/pages"}],"about":[{"href":"https:\/\/psychotherapie-sittig.de\/index.php?rest_route=\/wp\/v2\/types\/page"}],"author":[{"embeddable":true,"href":"https:\/\/psychotherapie-sittig.de\/index.php?rest_route=\/wp\/v2\/users\/1"}],"replies":[{"embeddable":true,"href":"https:\/\/psychotherapie-sittig.de\/index.php?rest_route=%2Fwp%2Fv2%2Fcomments&post=2"}],"version-history":[{"count":40,"href":"https:\/\/psychotherapie-sittig.de\/index.php?rest_route=\/wp\/v2\/pages\/2\/revisions"}],"predecessor-version":[{"id":431,"href":"https:\/\/psychotherapie-sittig.de\/index.php?rest_route=\/wp\/v2\/pages\/2\/revisions\/431"}],"wp:attachment":[{"href":"https:\/\/psychotherapie-sittig.de\/index.php?rest_route=%2Fwp%2Fv2%2Fmedia&parent=2"}],"curies":[{"name":"wp","href":"https:\/\/api.w.org\/{rel}","templated":true}]}}